{"id":782,"date":"2020-09-29T17:37:38","date_gmt":"2020-09-29T15:37:38","guid":{"rendered":"http:\/\/preprod-zutano.lcom-agence.com\/?page_id=782"},"modified":"2023-12-03T21:09:44","modified_gmt":"2023-12-03T20:09:44","slug":"lastragale","status":"publish","type":"page","link":"https:\/\/www.zutanobazar.fr\/en\/lastragale\/","title":{"rendered":"L&rsquo;Astragale"},"content":{"rendered":"<div data-elementor-type=\"wp-page\" data-elementor-id=\"782\" class=\"elementor elementor-782\">\n\t\t\t\t\t\t\t\t\t<section class=\"elementor-section elementor-top-section elementor-element elementor-element-90d9de9 elementor-section-boxed elementor-section-height-default elementor-section-height-default\" data-id=\"90d9de9\" data-element_type=\"section\">\n\t\t\t\t\t\t<div class=\"elementor-container elementor-column-gap-default\">\n\t\t\t\t\t<div class=\"elementor-column elementor-col-100 elementor-top-column elementor-element elementor-element-0cf5f90\" data-id=\"0cf5f90\" data-element_type=\"column\">\n\t\t\t<div class=\"elementor-widget-wrap elementor-element-populated\">\n\t\t\t\t\t\t\t\t<div class=\"elementor-element elementor-element-9172d2e elementor-widget elementor-widget-heading\" data-id=\"9172d2e\" data-element_type=\"widget\" data-widget_type=\"heading.default\">\n\t\t\t\t<div class=\"elementor-widget-container\">\n\t\t\t<h2 class=\"elementor-heading-title elementor-size-xxl\">L'Astragale <\/h2>\t\t<\/div>\n\t\t\t\t<\/div>\n\t\t\t\t\t<\/div>\n\t\t<\/div>\n\t\t\t\t\t\t\t<\/div>\n\t\t<\/section>\n\t\t\t\t<section class=\"elementor-section elementor-top-section elementor-element elementor-element-b04f08a elementor-section-boxed elementor-section-height-default elementor-section-height-default\" data-id=\"b04f08a\" data-element_type=\"section\">\n\t\t\t\t\t\t<div class=\"elementor-container elementor-column-gap-default\">\n\t\t\t\t\t<div class=\"elementor-column elementor-col-100 elementor-top-column elementor-element elementor-element-71801a90\" data-id=\"71801a90\" data-element_type=\"column\">\n\t\t\t<div class=\"elementor-widget-wrap elementor-element-populated\">\n\t\t\t\t\t\t\t\t<div class=\"elementor-element elementor-element-32b1d8f6 elementor-widget elementor-widget-text-editor\" data-id=\"32b1d8f6\" data-element_type=\"widget\" data-widget_type=\"text-editor.default\">\n\t\t\t\t<div class=\"elementor-widget-container\">\n\t\t\t\t\t\t\t<h4 style=\"text-align: center;\"><b><i>L\u2019Astragale est, comme l\u2019os du pied, un \u00e9l\u00e9ment essentiel\u00a0au c\u0153ur d\u2019une articulation complexe,<\/i><\/b><\/h4><h4 style=\"text-align: center;\"><b><i>\u00a0<\/i><\/b><b><i>un lieu charni\u00e8re qui porte et permet l\u2019essor. <br \/><\/i><\/b><\/h4>\t\t\t\t\t\t<\/div>\n\t\t\t\t<\/div>\n\t\t\t\t\t<\/div>\n\t\t<\/div>\n\t\t\t\t\t\t\t<\/div>\n\t\t<\/section>\n\t\t\t\t<section class=\"elementor-section elementor-top-section elementor-element elementor-element-110a5a6 elementor-section-boxed elementor-section-height-default elementor-section-height-default\" data-id=\"110a5a6\" data-element_type=\"section\">\n\t\t\t\t\t\t<div class=\"elementor-container elementor-column-gap-default\">\n\t\t\t\t\t<div class=\"elementor-column elementor-col-50 elementor-top-column elementor-element elementor-element-cb3a2c7\" data-id=\"cb3a2c7\" data-element_type=\"column\">\n\t\t\t<div class=\"elementor-widget-wrap elementor-element-populated\">\n\t\t\t\t\t\t\t\t<div class=\"elementor-element elementor-element-41094ce elementor-widget elementor-widget-image\" data-id=\"41094ce\" data-element_type=\"widget\" data-widget_type=\"image.default\">\n\t\t\t\t<div class=\"elementor-widget-container\">\n\t\t\t\t\t\t\t\t\t\t\t\t\t\t\t<img decoding=\"async\" loading=\"lazy\" width=\"768\" height=\"1024\" src=\"https:\/\/www.zutanobazar.fr\/wp-content\/uploads\/2021\/06\/IMG_9247-768x1024.jpg\" class=\"attachment-medium_large size-medium_large wp-image-4269\" alt=\"\" srcset=\"https:\/\/www.zutanobazar.fr\/wp-content\/uploads\/2021\/06\/IMG_9247-768x1024.jpg 768w, https:\/\/www.zutanobazar.fr\/wp-content\/uploads\/2021\/06\/IMG_9247-225x300.jpg 225w, https:\/\/www.zutanobazar.fr\/wp-content\/uploads\/2021\/06\/IMG_9247-1152x1536.jpg 1152w, https:\/\/www.zutanobazar.fr\/wp-content\/uploads\/2021\/06\/IMG_9247-1536x2048.jpg 1536w, https:\/\/www.zutanobazar.fr\/wp-content\/uploads\/2021\/06\/IMG_9247-9x12.jpg 9w, https:\/\/www.zutanobazar.fr\/wp-content\/uploads\/2021\/06\/IMG_9247-scaled.jpg 1920w\" sizes=\"(max-width: 768px) 100vw, 768px\" \/>\t\t\t\t\t\t\t\t\t\t\t\t\t\t\t<\/div>\n\t\t\t\t<\/div>\n\t\t\t\t\t<\/div>\n\t\t<\/div>\n\t\t\t\t<div class=\"elementor-column elementor-col-50 elementor-top-column elementor-element elementor-element-2860472\" data-id=\"2860472\" data-element_type=\"column\">\n\t\t\t<div class=\"elementor-widget-wrap elementor-element-populated\">\n\t\t\t\t\t\t\t\t<div class=\"elementor-element elementor-element-a0eb611 elementor-widget elementor-widget-image\" data-id=\"a0eb611\" data-element_type=\"widget\" data-widget_type=\"image.default\">\n\t\t\t\t<div class=\"elementor-widget-container\">\n\t\t\t\t\t\t\t\t\t\t\t\t\t\t\t<img decoding=\"async\" loading=\"lazy\" width=\"768\" height=\"1024\" src=\"https:\/\/www.zutanobazar.fr\/wp-content\/uploads\/2021\/06\/IMG_2044-768x1024.jpg\" class=\"attachment-large size-large wp-image-4278\" alt=\"\" srcset=\"https:\/\/www.zutanobazar.fr\/wp-content\/uploads\/2021\/06\/IMG_2044-768x1024.jpg 768w, https:\/\/www.zutanobazar.fr\/wp-content\/uploads\/2021\/06\/IMG_2044-225x300.jpg 225w, https:\/\/www.zutanobazar.fr\/wp-content\/uploads\/2021\/06\/IMG_2044-1152x1536.jpg 1152w, https:\/\/www.zutanobazar.fr\/wp-content\/uploads\/2021\/06\/IMG_2044-1536x2048.jpg 1536w, https:\/\/www.zutanobazar.fr\/wp-content\/uploads\/2021\/06\/IMG_2044-9x12.jpg 9w, https:\/\/www.zutanobazar.fr\/wp-content\/uploads\/2021\/06\/IMG_2044-scaled.jpg 1920w\" sizes=\"(max-width: 768px) 100vw, 768px\" \/>\t\t\t\t\t\t\t\t\t\t\t\t\t\t\t<\/div>\n\t\t\t\t<\/div>\n\t\t\t\t\t<\/div>\n\t\t<\/div>\n\t\t\t\t\t\t\t<\/div>\n\t\t<\/section>\n\t\t\t\t<section class=\"elementor-section elementor-top-section elementor-element elementor-element-71ad27f elementor-section-boxed elementor-section-height-default elementor-section-height-default\" data-id=\"71ad27f\" data-element_type=\"section\">\n\t\t\t\t\t\t<div class=\"elementor-container elementor-column-gap-default\">\n\t\t\t\t\t<div class=\"elementor-column elementor-col-100 elementor-top-column elementor-element elementor-element-6c29d56\" data-id=\"6c29d56\" data-element_type=\"column\">\n\t\t\t<div class=\"elementor-widget-wrap elementor-element-populated\">\n\t\t\t\t\t\t\t\t<div class=\"elementor-element elementor-element-bcd12a8 elementor-widget elementor-widget-heading\" data-id=\"bcd12a8\" data-element_type=\"widget\" data-widget_type=\"heading.default\">\n\t\t\t\t<div class=\"elementor-widget-container\">\n\t\t\t<h2 class=\"elementor-heading-title elementor-size-large\">Les r\u00e9seaux partenaires<\/h2>\t\t<\/div>\n\t\t\t\t<\/div>\n\t\t\t\t\t<\/div>\n\t\t<\/div>\n\t\t\t\t\t\t\t<\/div>\n\t\t<\/section>\n\t\t\t\t<section class=\"elementor-section elementor-top-section elementor-element elementor-element-e04ab4d elementor-section-boxed elementor-section-height-default elementor-section-height-default\" data-id=\"e04ab4d\" data-element_type=\"section\">\n\t\t\t\t\t\t<div class=\"elementor-container elementor-column-gap-default\">\n\t\t\t\t\t<div class=\"elementor-column elementor-col-33 elementor-top-column elementor-element elementor-element-6a36e7d\" data-id=\"6a36e7d\" data-element_type=\"column\">\n\t\t\t<div class=\"elementor-widget-wrap elementor-element-populated\">\n\t\t\t\t\t\t\t\t<div class=\"elementor-element elementor-element-c2aa3cd elementor-widget elementor-widget-text-editor\" data-id=\"c2aa3cd\" data-element_type=\"widget\" data-widget_type=\"text-editor.default\">\n\t\t\t\t<div class=\"elementor-widget-container\">\n\t\t\t\t\t\t\t<p>L<em>e <a href=\"https:\/\/www.dansepartout.org\/archipel\/\" target=\"_blank\" rel=\"noopener\">r\u00e9seau Archipel<\/a><\/em> rassemble des acteur.ices multiples de [Qu\u00e9bec &#8211; Nantes &#8211; Pays de la Loire &#8211; Tunisie], avec le soutien du Fonds Franco-Qu\u00e9b\u00e9cois pour la coop\u00e9ration d\u00e9centralis\u00e9e (FFQCD), du MRIF, du MEAE, de Nantes M\u00e9tropole, de la Ville de Nantes, du Th\u00e9\u00e2tre Francine Vasse \u2013 Les Laboratoires Vivants, de la Rotonde \u00e0 Qu\u00e9bec, d\u2019Al Badil \u00e0 Tunis et de l\u2019OFQJ-LOJIQ.<\/p>\t\t\t\t\t\t<\/div>\n\t\t\t\t<\/div>\n\t\t\t\t\t<\/div>\n\t\t<\/div>\n\t\t\t\t<div class=\"elementor-column elementor-col-33 elementor-top-column elementor-element elementor-element-9dede82\" data-id=\"9dede82\" data-element_type=\"column\">\n\t\t\t<div class=\"elementor-widget-wrap elementor-element-populated\">\n\t\t\t\t\t\t\t\t<div class=\"elementor-element elementor-element-546f589 elementor-widget elementor-widget-image\" data-id=\"546f589\" data-element_type=\"widget\" data-widget_type=\"image.default\">\n\t\t\t\t<div class=\"elementor-widget-container\">\n\t\t\t\t\t\t\t\t\t\t\t\t\t\t\t<img decoding=\"async\" loading=\"lazy\" width=\"1024\" height=\"444\" src=\"https:\/\/www.zutanobazar.fr\/wp-content\/uploads\/2021\/03\/Logo-ARCHIPEL-NB-1024x444.png\" class=\"attachment-large size-large wp-image-1703\" alt=\"\" srcset=\"https:\/\/www.zutanobazar.fr\/wp-content\/uploads\/2021\/03\/Logo-ARCHIPEL-NB-1024x444.png 1024w, https:\/\/www.zutanobazar.fr\/wp-content\/uploads\/2021\/03\/Logo-ARCHIPEL-NB-300x130.png 300w, https:\/\/www.zutanobazar.fr\/wp-content\/uploads\/2021\/03\/Logo-ARCHIPEL-NB-768x333.png 768w, https:\/\/www.zutanobazar.fr\/wp-content\/uploads\/2021\/03\/Logo-ARCHIPEL-NB-1536x666.png 1536w, https:\/\/www.zutanobazar.fr\/wp-content\/uploads\/2021\/03\/Logo-ARCHIPEL-NB-2048x888.png 2048w\" sizes=\"(max-width: 1024px) 100vw, 1024px\" \/>\t\t\t\t\t\t\t\t\t\t\t\t\t\t\t<\/div>\n\t\t\t\t<\/div>\n\t\t\t\t\t<\/div>\n\t\t<\/div>\n\t\t\t\t<div class=\"elementor-column elementor-col-33 elementor-top-column elementor-element elementor-element-c73be33\" data-id=\"c73be33\" data-element_type=\"column\">\n\t\t\t<div class=\"elementor-widget-wrap elementor-element-populated\">\n\t\t\t\t\t\t\t\t<div class=\"elementor-element elementor-element-f1c3db9 elementor-widget elementor-widget-image\" data-id=\"f1c3db9\" data-element_type=\"widget\" data-widget_type=\"image.default\">\n\t\t\t\t<div class=\"elementor-widget-container\">\n\t\t\t\t\t\t\t\t\t\t\t\t\t\t\t<img decoding=\"async\" loading=\"lazy\" width=\"461\" height=\"370\" src=\"https:\/\/www.zutanobazar.fr\/wp-content\/uploads\/2021\/03\/Logo-FFQCD_nb-55mm-copie.png\" class=\"attachment-large size-large wp-image-1705\" alt=\"\" srcset=\"https:\/\/www.zutanobazar.fr\/wp-content\/uploads\/2021\/03\/Logo-FFQCD_nb-55mm-copie.png 461w, https:\/\/www.zutanobazar.fr\/wp-content\/uploads\/2021\/03\/Logo-FFQCD_nb-55mm-copie-300x241.png 300w\" sizes=\"(max-width: 461px) 100vw, 461px\" \/>\t\t\t\t\t\t\t\t\t\t\t\t\t\t\t<\/div>\n\t\t\t\t<\/div>\n\t\t\t\t\t<\/div>\n\t\t<\/div>\n\t\t\t\t\t\t\t<\/div>\n\t\t<\/section>\n\t\t\t\t<section class=\"elementor-section elementor-top-section elementor-element elementor-element-bfbaa18 elementor-section-boxed elementor-section-height-default elementor-section-height-default\" data-id=\"bfbaa18\" data-element_type=\"section\">\n\t\t\t\t\t\t<div class=\"elementor-container elementor-column-gap-default\">\n\t\t\t\t\t<div class=\"elementor-column elementor-col-50 elementor-top-column elementor-element elementor-element-8f693ec\" data-id=\"8f693ec\" data-element_type=\"column\">\n\t\t\t<div class=\"elementor-widget-wrap elementor-element-populated\">\n\t\t\t\t\t\t\t\t<div class=\"elementor-element elementor-element-ba2d905 elementor-widget elementor-widget-text-editor\" data-id=\"ba2d905\" data-element_type=\"widget\" data-widget_type=\"text-editor.default\">\n\t\t\t\t<div class=\"elementor-widget-container\">\n\t\t\t\t\t\t\t<p>Zutano BaZar est co-fondateur du r\u00e9seau D.O.G \/ Danse Grand Ouest<br \/>depuis 2012, membre fondateur de la <a href=\"http:\/\/cnlii.org\/\">Coordination Nationale des Lieux Interm\u00e9diaires et Ind\u00e9pendants (CNLII)<\/a>.\u00a0<\/p><p>D.O.G rassemble des lieux pour la danse, anim\u00e9s par des \u00e9quipes chor\u00e9graphiques sur quatre r\u00e9gions : Pays de la Loire, Bretagne, Normandie, Centre-Val de Loire<\/p><p><a href=\"http:\/\/www.783-nantes.com\/\">SEPT CENT QUATRE VINGT TROIS<\/a> \/ Cie 29&#215;27, Nantes<\/p><p><a href=\"https:\/\/www.ateliersintermediaires.org\/\">LES ATELIERS INTERMEDIAIRES<\/a> et <a href=\"http:\/\/lacooperativechoregraphique.org\">LA COOPERATIVE CHOREGRAPHIQUE<\/a> \/ Cie Noesis, Caen<\/p><p><a href=\"http:\/\/www.reservoirdanse.fr\/\">RESERVOIR DANSE<\/a>, Rennes<\/p><p><a href=\"https:\/\/www.ciegregoireandco.fr\/le-lieu\/\">LE LIEU<\/a> \/ Cie Gr\u00e9goire &amp; Co, Guingamp<\/p><p><a href=\"http:\/\/lapratique.org\/fr\/home\/\">LA PRATIQUE, Atelier de Fabrique Artistique<\/a> \/ Cie C\u00e9cile Loyer, Vatan<\/p><p>ZUTANO BAZAR \/ Montval-sur-Loir, Le Mans<\/p><p>\u00a0<\/p>\t\t\t\t\t\t<\/div>\n\t\t\t\t<\/div>\n\t\t\t\t\t<\/div>\n\t\t<\/div>\n\t\t\t\t<div class=\"elementor-column elementor-col-50 elementor-top-column elementor-element elementor-element-622f797\" data-id=\"622f797\" data-element_type=\"column\">\n\t\t\t<div class=\"elementor-widget-wrap elementor-element-populated\">\n\t\t\t\t\t\t\t\t<div class=\"elementor-element elementor-element-8c03137 elementor-widget elementor-widget-image\" data-id=\"8c03137\" data-element_type=\"widget\" data-widget_type=\"image.default\">\n\t\t\t\t<div class=\"elementor-widget-container\">\n\t\t\t\t\t\t\t\t\t\t\t\t\t\t\t<img decoding=\"async\" loading=\"lazy\" width=\"300\" height=\"204\" src=\"https:\/\/www.zutanobazar.fr\/wp-content\/uploads\/2020\/10\/LOGO-DOG-CONSTELLAIRE.jpg\" class=\"attachment-medium size-medium wp-image-1256\" alt=\"\" \/>\t\t\t\t\t\t\t\t\t\t\t\t\t\t\t<\/div>\n\t\t\t\t<\/div>\n\t\t\t\t\t<\/div>\n\t\t<\/div>\n\t\t\t\t\t\t\t<\/div>\n\t\t<\/section>\n\t\t\t\t\t\t\t<\/div>","protected":false},"excerpt":{"rendered":"<p>L&rsquo;Astragale L\u2019Astragale est, comme l\u2019os du pied, un \u00e9l\u00e9ment essentiel\u00a0au c\u0153ur d\u2019une articulation complexe, \u00a0un lieu charni\u00e8re qui porte et permet l\u2019essor. Les r\u00e9seaux partenaires Le r\u00e9seau Archipel rassemble des [&#8230;]<\/p>","protected":false},"author":1,"featured_media":1307,"parent":0,"menu_order":0,"comment_status":"closed","ping_status":"closed","template":"","meta":{"footnotes":""},"acf":[],"yoast_head":"<!-- This site is optimized with the Yoast SEO plugin v21.4 - https:\/\/yoast.com\/wordpress\/plugins\/seo\/ -->\n<title>L&#039;Astragale - Zutano Bazar<\/title>\n<meta name=\"robots\" content=\"index, follow, max-snippet:-1, max-image-preview:large, max-video-preview:-1\" \/>\n<link rel=\"canonical\" href=\"https:\/\/www.zutanobazar.fr\/en\/lastragale\/\" \/>\n<meta property=\"og:locale\" content=\"en_GB\" \/>\n<meta property=\"og:type\" content=\"article\" \/>\n<meta property=\"og:title\" content=\"L&#039;Astragale - Zutano Bazar\" \/>\n<meta property=\"og:description\" content=\"L&rsquo;Astragale L\u2019Astragale est, comme l\u2019os du pied, un \u00e9l\u00e9ment essentiel\u00a0au c\u0153ur d\u2019une articulation complexe, \u00a0un lieu charni\u00e8re qui porte et permet l\u2019essor. Les r\u00e9seaux partenaires Le r\u00e9seau Archipel rassemble des [...]\" \/>\n<meta property=\"og:url\" content=\"https:\/\/www.zutanobazar.fr\/en\/lastragale\/\" \/>\n<meta property=\"og:site_name\" content=\"Zutano Bazar\" \/>\n<meta property=\"article:modified_time\" content=\"2023-12-03T20:09:44+00:00\" \/>\n<meta property=\"og:image\" content=\"https:\/\/www.zutanobazar.fr\/wp-content\/uploads\/2020\/10\/LAstragale_studiodanse_2-scaled.jpg\" \/>\n\t<meta property=\"og:image:width\" content=\"2560\" \/>\n\t<meta property=\"og:image:height\" content=\"1920\" \/>\n\t<meta property=\"og:image:type\" content=\"image\/jpeg\" \/>\n<meta name=\"twitter:card\" content=\"summary_large_image\" \/>\n<meta name=\"twitter:label1\" content=\"Estimated reading time\" \/>\n\t<meta name=\"twitter:data1\" content=\"2 minutes\" \/>\n<script type=\"application\/ld+json\" class=\"yoast-schema-graph\">{\"@context\":\"https:\/\/schema.org\",\"@graph\":[{\"@type\":\"WebPage\",\"@id\":\"https:\/\/www.zutanobazar.fr\/lastragale\/\",\"url\":\"https:\/\/www.zutanobazar.fr\/lastragale\/\",\"name\":\"L'Astragale - Zutano Bazar\",\"isPartOf\":{\"@id\":\"https:\/\/www.zutanobazar.fr\/#website\"},\"datePublished\":\"2020-09-29T15:37:38+00:00\",\"dateModified\":\"2023-12-03T20:09:44+00:00\",\"breadcrumb\":{\"@id\":\"https:\/\/www.zutanobazar.fr\/lastragale\/#breadcrumb\"},\"inLanguage\":\"en-GB\",\"potentialAction\":[{\"@type\":\"ReadAction\",\"target\":[\"https:\/\/www.zutanobazar.fr\/lastragale\/\"]}]},{\"@type\":\"BreadcrumbList\",\"@id\":\"https:\/\/www.zutanobazar.fr\/lastragale\/#breadcrumb\",\"itemListElement\":[{\"@type\":\"ListItem\",\"position\":1,\"name\":\"Accueil\",\"item\":\"https:\/\/www.zutanobazar.fr\/\"},{\"@type\":\"ListItem\",\"position\":2,\"name\":\"L&#8217;Astragale\"}]},{\"@type\":\"WebSite\",\"@id\":\"https:\/\/www.zutanobazar.fr\/#website\",\"url\":\"https:\/\/www.zutanobazar.fr\/\",\"name\":\"Zutano Bazar\",\"description\":\"Plateforme pluridisciplinaire autour du geste\",\"publisher\":{\"@id\":\"https:\/\/www.zutanobazar.fr\/#organization\"},\"potentialAction\":[{\"@type\":\"SearchAction\",\"target\":{\"@type\":\"EntryPoint\",\"urlTemplate\":\"https:\/\/www.zutanobazar.fr\/?s={search_term_string}\"},\"query-input\":\"required name=search_term_string\"}],\"inLanguage\":\"en-GB\"},{\"@type\":\"Organization\",\"@id\":\"https:\/\/www.zutanobazar.fr\/#organization\",\"name\":\"Zutano BaZaR\",\"url\":\"https:\/\/www.zutanobazar.fr\/\",\"logo\":{\"@type\":\"ImageObject\",\"inLanguage\":\"en-GB\",\"@id\":\"https:\/\/www.zutanobazar.fr\/#\/schema\/logo\/image\/\",\"url\":\"https:\/\/www.zutanobazar.fr\/wp-content\/uploads\/2020\/09\/LOGO-Zutano-def_noST-300x300-1.jpg\",\"contentUrl\":\"https:\/\/www.zutanobazar.fr\/wp-content\/uploads\/2020\/09\/LOGO-Zutano-def_noST-300x300-1.jpg\",\"width\":300,\"height\":300,\"caption\":\"Zutano BaZaR\"},\"image\":{\"@id\":\"https:\/\/www.zutanobazar.fr\/#\/schema\/logo\/image\/\"}}]}<\/script>\n<!-- \/ Yoast SEO plugin. -->","yoast_head_json":{"title":"L'Astragale - Zutano Bazar","robots":{"index":"index","follow":"follow","max-snippet":"max-snippet:-1","max-image-preview":"max-image-preview:large","max-video-preview":"max-video-preview:-1"},"canonical":"https:\/\/www.zutanobazar.fr\/en\/lastragale\/","og_locale":"en_GB","og_type":"article","og_title":"L'Astragale - Zutano Bazar","og_description":"L&rsquo;Astragale L\u2019Astragale est, comme l\u2019os du pied, un \u00e9l\u00e9ment essentiel\u00a0au c\u0153ur d\u2019une articulation complexe, \u00a0un lieu charni\u00e8re qui porte et permet l\u2019essor. Les r\u00e9seaux partenaires Le r\u00e9seau Archipel rassemble des [...]","og_url":"https:\/\/www.zutanobazar.fr\/en\/lastragale\/","og_site_name":"Zutano Bazar","article_modified_time":"2023-12-03T20:09:44+00:00","og_image":[{"width":2560,"height":1920,"url":"https:\/\/www.zutanobazar.fr\/wp-content\/uploads\/2020\/10\/LAstragale_studiodanse_2-scaled.jpg","type":"image\/jpeg"}],"twitter_card":"summary_large_image","twitter_misc":{"Estimated reading time":"2 minutes"},"schema":{"@context":"https:\/\/schema.org","@graph":[{"@type":"WebPage","@id":"https:\/\/www.zutanobazar.fr\/lastragale\/","url":"https:\/\/www.zutanobazar.fr\/lastragale\/","name":"L'Astragale - Zutano Bazar","isPartOf":{"@id":"https:\/\/www.zutanobazar.fr\/#website"},"datePublished":"2020-09-29T15:37:38+00:00","dateModified":"2023-12-03T20:09:44+00:00","breadcrumb":{"@id":"https:\/\/www.zutanobazar.fr\/lastragale\/#breadcrumb"},"inLanguage":"en-GB","potentialAction":[{"@type":"ReadAction","target":["https:\/\/www.zutanobazar.fr\/lastragale\/"]}]},{"@type":"BreadcrumbList","@id":"https:\/\/www.zutanobazar.fr\/lastragale\/#breadcrumb","itemListElement":[{"@type":"ListItem","position":1,"name":"Accueil","item":"https:\/\/www.zutanobazar.fr\/"},{"@type":"ListItem","position":2,"name":"L&#8217;Astragale"}]},{"@type":"WebSite","@id":"https:\/\/www.zutanobazar.fr\/#website","url":"https:\/\/www.zutanobazar.fr\/","name":"Zutano Bazar","description":"Plateforme pluridisciplinaire autour du geste","publisher":{"@id":"https:\/\/www.zutanobazar.fr\/#organization"},"potentialAction":[{"@type":"SearchAction","target":{"@type":"EntryPoint","urlTemplate":"https:\/\/www.zutanobazar.fr\/?s={search_term_string}"},"query-input":"required name=search_term_string"}],"inLanguage":"en-GB"},{"@type":"Organization","@id":"https:\/\/www.zutanobazar.fr\/#organization","name":"Zutano BaZaR","url":"https:\/\/www.zutanobazar.fr\/","logo":{"@type":"ImageObject","inLanguage":"en-GB","@id":"https:\/\/www.zutanobazar.fr\/#\/schema\/logo\/image\/","url":"https:\/\/www.zutanobazar.fr\/wp-content\/uploads\/2020\/09\/LOGO-Zutano-def_noST-300x300-1.jpg","contentUrl":"https:\/\/www.zutanobazar.fr\/wp-content\/uploads\/2020\/09\/LOGO-Zutano-def_noST-300x300-1.jpg","width":300,"height":300,"caption":"Zutano BaZaR"},"image":{"@id":"https:\/\/www.zutanobazar.fr\/#\/schema\/logo\/image\/"}}]}},"_links":{"self":[{"href":"https:\/\/www.zutanobazar.fr\/en\/wp-json\/wp\/v2\/pages\/782"}],"collection":[{"href":"https:\/\/www.zutanobazar.fr\/en\/wp-json\/wp\/v2\/pages"}],"about":[{"href":"https:\/\/www.zutanobazar.fr\/en\/wp-json\/wp\/v2\/types\/page"}],"author":[{"embeddable":true,"href":"https:\/\/www.zutanobazar.fr\/en\/wp-json\/wp\/v2\/users\/1"}],"replies":[{"embeddable":true,"href":"https:\/\/www.zutanobazar.fr\/en\/wp-json\/wp\/v2\/comments?post=782"}],"version-history":[{"count":41,"href":"https:\/\/www.zutanobazar.fr\/en\/wp-json\/wp\/v2\/pages\/782\/revisions"}],"predecessor-version":[{"id":5436,"href":"https:\/\/www.zutanobazar.fr\/en\/wp-json\/wp\/v2\/pages\/782\/revisions\/5436"}],"wp:featuredmedia":[{"embeddable":true,"href":"https:\/\/www.zutanobazar.fr\/en\/wp-json\/wp\/v2\/media\/1307"}],"wp:attachment":[{"href":"https:\/\/www.zutanobazar.fr\/en\/wp-json\/wp\/v2\/media?parent=782"}],"curies":[{"name":"wp","href":"https:\/\/api.w.org\/{rel}","templated":true}]}}