{"id":32,"date":"2020-08-07T11:05:36","date_gmt":"2020-08-07T09:05:36","guid":{"rendered":"http:\/\/preprod-zutano.lcom-agence.com\/?page_id=32"},"modified":"2025-01-22T22:24:52","modified_gmt":"2025-01-22T21:24:52","slug":"contact","status":"publish","type":"page","link":"https:\/\/www.zutanobazar.fr\/en\/contact\/","title":{"rendered":"Contact"},"content":{"rendered":"<div data-elementor-type=\"wp-page\" data-elementor-id=\"32\" class=\"elementor elementor-32\">\n\t\t\t\t\t\t\t\t\t<section class=\"elementor-section elementor-top-section elementor-element elementor-element-4ba8977 elementor-section-boxed elementor-section-height-default elementor-section-height-default\" data-id=\"4ba8977\" data-element_type=\"section\">\n\t\t\t\t\t\t<div class=\"elementor-container elementor-column-gap-default\">\n\t\t\t\t\t<div class=\"elementor-column elementor-col-50 elementor-top-column elementor-element elementor-element-8bb52cc\" data-id=\"8bb52cc\" data-element_type=\"column\">\n\t\t\t<div class=\"elementor-widget-wrap elementor-element-populated\">\n\t\t\t\t\t\t\t\t<div class=\"elementor-element elementor-element-46d559b elementor-widget elementor-widget-text-editor\" data-id=\"46d559b\" data-element_type=\"widget\" data-widget_type=\"text-editor.default\">\n\t\t\t\t<div class=\"elementor-widget-container\">\n\t\t\t\t\t\t\t<p>\n<div class=\"wpcf7 no-js\" id=\"wpcf7-f179-o1\" lang=\"fr-FR\" dir=\"ltr\">\n<div class=\"screen-reader-response\"><p role=\"status\" aria-live=\"polite\" aria-atomic=\"true\"><\/p> <ul><\/ul><\/div>\n<form action=\"\/en\/wp-json\/wp\/v2\/pages\/32#wpcf7-f179-o1\" method=\"post\" class=\"wpcf7-form init\" aria-label=\"Formulaire de contact\" novalidate=\"novalidate\" data-status=\"init\" data-trp-original-action=\"\/en\/wp-json\/wp\/v2\/pages\/32#wpcf7-f179-o1\">\n<div style=\"display: none;\">\n<input type=\"hidden\" name=\"_wpcf7\" value=\"179\" \/>\n<input type=\"hidden\" name=\"_wpcf7_version\" value=\"5.8.1\" \/>\n<input type=\"hidden\" name=\"_wpcf7_locale\" value=\"fr_FR\" \/>\n<input type=\"hidden\" name=\"_wpcf7_unit_tag\" value=\"wpcf7-f179-o1\" \/>\n<input type=\"hidden\" name=\"_wpcf7_container_post\" value=\"0\" \/>\n<input type=\"hidden\" name=\"_wpcf7_posted_data_hash\" value=\"\" \/>\n<input type=\"hidden\" name=\"_wpcf7_recaptcha_response\" value=\"\" \/>\n<\/div>\n<p><span class=\"wpcf7-form-control-wrap\" data-name=\"nom\"><input size=\"40\" class=\"wpcf7-form-control wpcf7-text wpcf7-validates-as-required\" aria-required=\"true\" aria-invalid=\"false\" placeholder=\"Votre nom\" value=\"\" type=\"text\" name=\"nom\" \/><\/span><br \/>\n<span class=\"wpcf7-form-control-wrap\" data-name=\"prenom\"><input size=\"40\" class=\"wpcf7-form-control wpcf7-text wpcf7-validates-as-required\" aria-required=\"true\" aria-invalid=\"false\" placeholder=\"Votre pr\u00e9nom\" value=\"\" type=\"text\" name=\"prenom\" \/><\/span><br \/>\n<span class=\"wpcf7-form-control-wrap\" data-name=\"mail\"><input size=\"40\" class=\"wpcf7-form-control wpcf7-email wpcf7-validates-as-required wpcf7-text wpcf7-validates-as-email\" aria-required=\"true\" aria-invalid=\"false\" placeholder=\"Votre adresse mail\" value=\"\" type=\"email\" name=\"mail\" \/><\/span><br \/>\n<span class=\"wpcf7-form-control-wrap\" data-name=\"message\"><textarea cols=\"40\" rows=\"10\" class=\"wpcf7-form-control wpcf7-textarea wpcf7-validates-as-required\" aria-required=\"true\" aria-invalid=\"false\" placeholder=\"Votre message\" name=\"message\"><\/textarea><\/span><br \/>\n<span class=\"wpcf7-form-control-wrap\" data-name=\"RPGD\"><span class=\"wpcf7-form-control wpcf7-checkbox wpcf7-validates-as-required checkbox-form\"><span class=\"wpcf7-list-item first last\"><input type=\"checkbox\" name=\"RPGD[]\" value=\"J&#039;accepte que mes informations soient stock\u00e9es par Zutano BaZar, seulement afin d&#039;\u00eatre recontact\u00e9 par la compagnie.\" \/><span class=\"wpcf7-list-item-label\">J&#039;accepte que mes informations soient stock\u00e9es par Zutano BaZar, seulement afin d&#039;\u00eatre recontact\u00e9 par la compagnie.<\/span><\/span><\/span><\/span><br \/>\n<input class=\"wpcf7-form-control wpcf7-submit has-spinner btn\" type=\"submit\" value=\"J&#039;envoie mon message\" \/>\n<\/p><div class=\"wpcf7-response-output\" aria-hidden=\"true\"><\/div>\n<input type=\"hidden\" name=\"trp-form-language\" value=\"en\"\/><\/form>\n<\/div>\n<\/p>\t\t\t\t\t\t<\/div>\n\t\t\t\t<\/div>\n\t\t\t\t\t<\/div>\n\t\t<\/div>\n\t\t\t\t<div class=\"elementor-column elementor-col-50 elementor-top-column elementor-element elementor-element-ee512c5\" data-id=\"ee512c5\" data-element_type=\"column\">\n\t\t\t<div class=\"elementor-widget-wrap elementor-element-populated\">\n\t\t\t\t\t\t\t\t<div class=\"elementor-element elementor-element-53cd1f0 elementor-widget elementor-widget-text-editor\" data-id=\"53cd1f0\" data-element_type=\"widget\" data-widget_type=\"text-editor.default\">\n\t\t\t\t<div class=\"elementor-widget-container\">\n\t\t\t\t\t\t\t<p><span style=\"font-weight: 400;\"><strong>Si\u00e8ge social :<\/strong> La Cast\u00e9lorienne, 92 avenue Jean Jaur\u00e8s, Ch\u00e2teau-du-Loir, 72500 Montval-sur-Loir<\/span><\/p><p><span style=\"font-weight: 400;\"><strong>Bureau :<\/strong> 35, rue de Degr\u00e9, Hall A, 72000 Le Mans<\/span><\/p><p><span style=\"font-weight: 400;\"><strong>Artistique :<\/strong> 06 64 11 66 16 <br \/><strong>Administration : <\/strong>07 44 85 07 33<br \/><\/span><\/p><p><strong>mail : <\/strong><a href=\"mailto:zutanobazar@gmail.com\"><span style=\"font-weight: 400;\">zutanobazar@gmail.com<\/span><\/a><\/p><p><span style=\"font-weight: 400;\"><strong>Facebook :<\/strong> <a href=\"https:\/\/www.facebook.com\/zutanobazar\">https:\/\/www.facebook.com\/zutanobazar<\/a><br \/><\/span><span style=\"font-weight: 400;\"><strong>Instagram :<\/strong> <a href=\"https:\/\/www.instagram.com\/zutanobazar\/\">https:\/\/www.instagram.com\/zutanobazar\/<\/a><br \/><\/span><span style=\"font-weight: 400;\"><strong>Vim\u00e9o:<\/strong> <a href=\"https:\/\/vimeo.com\/zutanobazar\">https:\/\/vimeo.com\/zutanobazar<\/a><br \/><\/span><\/p><p><span style=\"font-weight: 400;\"><b>Youtube<\/b> : https:\/\/www.youtube.com\/@zutanobazar<br \/><\/span><\/p>\t\t\t\t\t\t<\/div>\n\t\t\t\t<\/div>\n\t\t\t\t\t<\/div>\n\t\t<\/div>\n\t\t\t\t\t\t\t<\/div>\n\t\t<\/section>\n\t\t\t\t\t\t\t<\/div>","protected":false},"excerpt":{"rendered":"<p>Si\u00e8ge social : La Cast\u00e9lorienne, 92 avenue Jean Jaur\u00e8s, Ch\u00e2teau-du-Loir, 72500 Montval-sur-Loir Bureau : 35, rue de Degr\u00e9, Hall A, 72000 Le Mans Artistique : 06 64 11 66 16 [&#8230;]<\/p>","protected":false},"author":1,"featured_media":0,"parent":0,"menu_order":0,"comment_status":"closed","ping_status":"closed","template":"","meta":{"footnotes":""},"acf":[],"yoast_head":"<!-- This site is optimized with the Yoast SEO plugin v21.4 - https:\/\/yoast.com\/wordpress\/plugins\/seo\/ -->\n<title>Prenez contact avec la compagnie Zutano Bazar<\/title>\n<meta name=\"description\" content=\"Vous avez des demandes ou des questions pour nous ? N&#039;h\u00e9sitez pas \u00e0 nous contacter avec notre formulaire de contact.\" \/>\n<meta name=\"robots\" content=\"index, follow, max-snippet:-1, max-image-preview:large, max-video-preview:-1\" \/>\n<link rel=\"canonical\" href=\"https:\/\/www.zutanobazar.fr\/en\/contact\/\" \/>\n<meta property=\"og:locale\" content=\"en_GB\" \/>\n<meta property=\"og:type\" content=\"article\" \/>\n<meta property=\"og:title\" content=\"Prenez contact avec la compagnie Zutano Bazar\" \/>\n<meta property=\"og:description\" content=\"Vous avez des demandes ou des questions pour nous ? N&#039;h\u00e9sitez pas \u00e0 nous contacter avec notre formulaire de contact.\" \/>\n<meta property=\"og:url\" content=\"https:\/\/www.zutanobazar.fr\/en\/contact\/\" \/>\n<meta property=\"og:site_name\" content=\"Zutano Bazar\" \/>\n<meta property=\"article:modified_time\" content=\"2025-01-22T21:24:52+00:00\" \/>\n<meta name=\"twitter:card\" content=\"summary_large_image\" \/>\n<meta name=\"twitter:label1\" content=\"Estimated reading time\" \/>\n\t<meta name=\"twitter:data1\" content=\"1 minute\" \/>\n<script type=\"application\/ld+json\" class=\"yoast-schema-graph\">{\"@context\":\"https:\/\/schema.org\",\"@graph\":[{\"@type\":\"WebPage\",\"@id\":\"https:\/\/www.zutanobazar.fr\/contact\/\",\"url\":\"https:\/\/www.zutanobazar.fr\/contact\/\",\"name\":\"Prenez contact avec la compagnie Zutano Bazar\",\"isPartOf\":{\"@id\":\"https:\/\/www.zutanobazar.fr\/#website\"},\"datePublished\":\"2020-08-07T09:05:36+00:00\",\"dateModified\":\"2025-01-22T21:24:52+00:00\",\"description\":\"Vous avez des demandes ou des questions pour nous ? N'h\u00e9sitez pas \u00e0 nous contacter avec notre formulaire de contact.\",\"breadcrumb\":{\"@id\":\"https:\/\/www.zutanobazar.fr\/contact\/#breadcrumb\"},\"inLanguage\":\"en-GB\",\"potentialAction\":[{\"@type\":\"ReadAction\",\"target\":[\"https:\/\/www.zutanobazar.fr\/contact\/\"]}]},{\"@type\":\"BreadcrumbList\",\"@id\":\"https:\/\/www.zutanobazar.fr\/contact\/#breadcrumb\",\"itemListElement\":[{\"@type\":\"ListItem\",\"position\":1,\"name\":\"Accueil\",\"item\":\"https:\/\/www.zutanobazar.fr\/\"},{\"@type\":\"ListItem\",\"position\":2,\"name\":\"Contact\"}]},{\"@type\":\"WebSite\",\"@id\":\"https:\/\/www.zutanobazar.fr\/#website\",\"url\":\"https:\/\/www.zutanobazar.fr\/\",\"name\":\"Zutano Bazar\",\"description\":\"Plateforme pluridisciplinaire autour du geste\",\"publisher\":{\"@id\":\"https:\/\/www.zutanobazar.fr\/#organization\"},\"potentialAction\":[{\"@type\":\"SearchAction\",\"target\":{\"@type\":\"EntryPoint\",\"urlTemplate\":\"https:\/\/www.zutanobazar.fr\/?s={search_term_string}\"},\"query-input\":\"required name=search_term_string\"}],\"inLanguage\":\"en-GB\"},{\"@type\":\"Organization\",\"@id\":\"https:\/\/www.zutanobazar.fr\/#organization\",\"name\":\"Zutano BaZaR\",\"url\":\"https:\/\/www.zutanobazar.fr\/\",\"logo\":{\"@type\":\"ImageObject\",\"inLanguage\":\"en-GB\",\"@id\":\"https:\/\/www.zutanobazar.fr\/#\/schema\/logo\/image\/\",\"url\":\"https:\/\/www.zutanobazar.fr\/wp-content\/uploads\/2020\/09\/LOGO-Zutano-def_noST-300x300-1.jpg\",\"contentUrl\":\"https:\/\/www.zutanobazar.fr\/wp-content\/uploads\/2020\/09\/LOGO-Zutano-def_noST-300x300-1.jpg\",\"width\":300,\"height\":300,\"caption\":\"Zutano BaZaR\"},\"image\":{\"@id\":\"https:\/\/www.zutanobazar.fr\/#\/schema\/logo\/image\/\"}}]}<\/script>\n<!-- \/ Yoast SEO plugin. -->","yoast_head_json":{"title":"Prenez contact avec la compagnie Zutano Bazar","description":"Vous avez des demandes ou des questions pour nous ? N'h\u00e9sitez pas \u00e0 nous contacter avec notre formulaire de contact.","robots":{"index":"index","follow":"follow","max-snippet":"max-snippet:-1","max-image-preview":"max-image-preview:large","max-video-preview":"max-video-preview:-1"},"canonical":"https:\/\/www.zutanobazar.fr\/en\/contact\/","og_locale":"en_GB","og_type":"article","og_title":"Prenez contact avec la compagnie Zutano Bazar","og_description":"Vous avez des demandes ou des questions pour nous ? N'h\u00e9sitez pas \u00e0 nous contacter avec notre formulaire de contact.","og_url":"https:\/\/www.zutanobazar.fr\/en\/contact\/","og_site_name":"Zutano Bazar","article_modified_time":"2025-01-22T21:24:52+00:00","twitter_card":"summary_large_image","twitter_misc":{"Estimated reading time":"1 minute"},"schema":{"@context":"https:\/\/schema.org","@graph":[{"@type":"WebPage","@id":"https:\/\/www.zutanobazar.fr\/contact\/","url":"https:\/\/www.zutanobazar.fr\/contact\/","name":"Prenez contact avec la compagnie Zutano Bazar","isPartOf":{"@id":"https:\/\/www.zutanobazar.fr\/#website"},"datePublished":"2020-08-07T09:05:36+00:00","dateModified":"2025-01-22T21:24:52+00:00","description":"Vous avez des demandes ou des questions pour nous ? N'h\u00e9sitez pas \u00e0 nous contacter avec notre formulaire de contact.","breadcrumb":{"@id":"https:\/\/www.zutanobazar.fr\/contact\/#breadcrumb"},"inLanguage":"en-GB","potentialAction":[{"@type":"ReadAction","target":["https:\/\/www.zutanobazar.fr\/contact\/"]}]},{"@type":"BreadcrumbList","@id":"https:\/\/www.zutanobazar.fr\/contact\/#breadcrumb","itemListElement":[{"@type":"ListItem","position":1,"name":"Accueil","item":"https:\/\/www.zutanobazar.fr\/"},{"@type":"ListItem","position":2,"name":"Contact"}]},{"@type":"WebSite","@id":"https:\/\/www.zutanobazar.fr\/#website","url":"https:\/\/www.zutanobazar.fr\/","name":"Zutano Bazar","description":"Plateforme pluridisciplinaire autour du geste","publisher":{"@id":"https:\/\/www.zutanobazar.fr\/#organization"},"potentialAction":[{"@type":"SearchAction","target":{"@type":"EntryPoint","urlTemplate":"https:\/\/www.zutanobazar.fr\/?s={search_term_string}"},"query-input":"required name=search_term_string"}],"inLanguage":"en-GB"},{"@type":"Organization","@id":"https:\/\/www.zutanobazar.fr\/#organization","name":"Zutano BaZaR","url":"https:\/\/www.zutanobazar.fr\/","logo":{"@type":"ImageObject","inLanguage":"en-GB","@id":"https:\/\/www.zutanobazar.fr\/#\/schema\/logo\/image\/","url":"https:\/\/www.zutanobazar.fr\/wp-content\/uploads\/2020\/09\/LOGO-Zutano-def_noST-300x300-1.jpg","contentUrl":"https:\/\/www.zutanobazar.fr\/wp-content\/uploads\/2020\/09\/LOGO-Zutano-def_noST-300x300-1.jpg","width":300,"height":300,"caption":"Zutano BaZaR"},"image":{"@id":"https:\/\/www.zutanobazar.fr\/#\/schema\/logo\/image\/"}}]}},"_links":{"self":[{"href":"https:\/\/www.zutanobazar.fr\/en\/wp-json\/wp\/v2\/pages\/32"}],"collection":[{"href":"https:\/\/www.zutanobazar.fr\/en\/wp-json\/wp\/v2\/pages"}],"about":[{"href":"https:\/\/www.zutanobazar.fr\/en\/wp-json\/wp\/v2\/types\/page"}],"author":[{"embeddable":true,"href":"https:\/\/www.zutanobazar.fr\/en\/wp-json\/wp\/v2\/users\/1"}],"replies":[{"embeddable":true,"href":"https:\/\/www.zutanobazar.fr\/en\/wp-json\/wp\/v2\/comments?post=32"}],"version-history":[{"count":21,"href":"https:\/\/www.zutanobazar.fr\/en\/wp-json\/wp\/v2\/pages\/32\/revisions"}],"predecessor-version":[{"id":6606,"href":"https:\/\/www.zutanobazar.fr\/en\/wp-json\/wp\/v2\/pages\/32\/revisions\/6606"}],"wp:attachment":[{"href":"https:\/\/www.zutanobazar.fr\/en\/wp-json\/wp\/v2\/media?parent=32"}],"curies":[{"name":"wp","href":"https:\/\/api.w.org\/{rel}","templated":true}]}}